{"id":6963,"date":"2022-10-04T13:47:34","date_gmt":"2022-10-04T11:47:34","guid":{"rendered":"https:\/\/water-plast.pl\/datenschutzbestimmungen\/"},"modified":"2024-05-26T11:54:37","modified_gmt":"2024-05-26T09:54:37","slug":"datenschutzbestimmungen","status":"publish","type":"page","link":"https:\/\/water-plast.pl\/de\/datenschutzbestimmungen\/","title":{"rendered":"Datenschutzbestimmungen"},"content":{"rendered":"\t\t<div data-elementor-type=\"wp-page\" data-elementor-id=\"6963\" class=\"elementor elementor-6963 elementor-857\" data-elementor-post-type=\"page\">\n\t\t\t\t\t\t<section class=\"elementor-section elementor-top-section elementor-element elementor-element-2532a4b elementor-section-boxed elementor-section-height-default elementor-section-height-default\" data-id=\"2532a4b\" data-element_type=\"section\" data-e-type=\"section\" data-settings=\"{&quot;background_background&quot;:&quot;classic&quot;}\">\n\t\t\t\t\t\t<div class=\"elementor-container elementor-column-gap-no\">\n\t\t\t\t\t<div class=\"elementor-column elementor-col-100 elementor-top-column elementor-element elementor-element-0d10099\" data-id=\"0d10099\" data-element_type=\"column\" data-e-type=\"column\">\n\t\t\t<div class=\"elementor-widget-wrap elementor-element-populated\">\n\t\t\t\t\t\t<div class=\"elementor-element elementor-element-8901b2d elementor-widget elementor-widget-heading\" data-id=\"8901b2d\" data-element_type=\"widget\" data-e-type=\"widget\" data-widget_type=\"heading.default\">\n\t\t\t\t<div class=\"elementor-widget-container\">\n\t\t\t\t\t<h2 class=\"elementor-heading-title elementor-size-default\"><span style=\"color: #1C559E\">Datenschutzbestimmungen <\/span> <\/h2>\t\t\t\t<\/div>\n\t\t\t\t<\/div>\n\t\t\t\t\t<\/div>\n\t\t<\/div>\n\t\t\t\t\t<\/div>\n\t\t<\/section>\n\t\t\t\t<section class=\"elementor-section elementor-top-section elementor-element elementor-element-18ae3b4 elementor-section-boxed elementor-section-height-default elementor-section-height-default\" data-id=\"18ae3b4\" data-element_type=\"section\" data-e-type=\"section\">\n\t\t\t\t\t\t<div class=\"elementor-container elementor-column-gap-default\">\n\t\t\t\t\t<div class=\"elementor-column elementor-col-100 elementor-top-column elementor-element elementor-element-d855801\" data-id=\"d855801\" data-element_type=\"column\" data-e-type=\"column\">\n\t\t\t<div class=\"elementor-widget-wrap elementor-element-populated\">\n\t\t\t\t\t\t<div class=\"elementor-element elementor-element-01b34da elementor-widget elementor-widget-text-editor\" data-id=\"01b34da\" data-element_type=\"widget\" data-e-type=\"widget\" data-widget_type=\"text-editor.default\">\n\t\t\t\t<div class=\"elementor-widget-container\">\n\t\t\t\t\t\t\t\t\t<p><strong>Einleitende Informationen<\/strong><\/p>\n<p>Der Schutz der Privatsph\u00e4re und der Vertraulichkeit der pers\u00f6nlichen Daten der Nutzer dieser Website ist uns sehr wichtig. Dementsprechend w\u00e4hlen wir geeignete technische und organisatorische Ma\u00dfnahmen aus und wenden sie an, um den Schutz der verarbeiteten personenbezogenen Daten mit der gebotenen Sorgfalt zu gew\u00e4hrleisten. Wir sch\u00fctzen personenbezogene Daten davor, dass sie Unbefugten zug\u00e4nglich gemacht werden oder dass sie unter Versto\u00df gegen geltende Gesetze verarbeitet werden.<\/p>\n<p><strong>Datenkontrolleur<\/strong><\/p>\n<p>Der Verwalter Ihrer pers\u00f6nlichen Daten ist  <a href=\"https:\/\/aplikacja.ceidg.gov.pl\/CEIDG\/CEIDG.Public.UI\/SearchDetails.aspx?Id=d9fb72e4-b833-45ae-93fc-d4d2ba27d984\">Water-Plast Patryk Niepiek\u0142o, mit Sitz in Nietuszyna. NIP: <span class=\"pre-mobile:text-xs-small-line\">8322088602. <\/span> <\/a>Alle unsere Kontaktdaten finden Sie immer auf der Website unter der Registerkarte &#8218;Kontakt&#8216;.<\/p>\n<p><strong>Welche pers\u00f6nlichen Daten \u00fcber Sie verarbeiten wir, zu welchem Zweck und auf welcher Grundlage?<\/strong><\/p>\n<p>\u2713 Einzelheiten zu Personen, die den f\u00fcr die Verarbeitung Verantwortlichen per E-Mail, Post oder Telefon kontaktieren<\/p>\n<p>&#8211; zum Zweck der L\u00f6sung der Angelegenheit, auf die sich Ihre Korrespondenz\/Telefonkontakt bezieht &#8211; die Rechtsgrundlage f\u00fcr die Datenverarbeitung ist das berechtigte Interesse des f\u00fcr die Verarbeitung Verantwortlichen; Art. 6 Abs. 1(f) RODO<\/p>\n<p>Das berechtigte Interesse liegt in diesem Fall darin, Ihre Anfrage zu beantworten und das von Ihnen angesprochene Problem zu l\u00f6sen.<\/p>\n<p>\u2713 Daten von Vertretern und Mitarbeitern der Vertragspartner des Verwalters<\/p>\n<p>&#8211; zum Zweck der laufenden Kontaktaufnahme sowie zur korrekten und effektiven Erf\u00fcllung des mit Ihrem Arbeitgeber geschlossenen Vertrags, da Sie die Person sind, die f\u00fcr die Kontaktaufnahme oder die Ausf\u00fchrung des Auftrags im Namen unseres Auftragnehmers oder potenziellen Auftragnehmers bestimmt ist &#8211; die Rechtsgrundlage f\u00fcr die Verarbeitung der Daten ist das berechtigte Interesse des Verwalters und seines Auftragnehmers; Art. 6 Abs. 1(f) RODO<\/p>\n<p>Das berechtigte Interesse besteht in diesem Fall darin, die ordnungsgem\u00e4\u00dfe und effiziente Erf\u00fcllung des Vertrags\/der Zusammenarbeit mit dem Auftragnehmer zu erm\u00f6glichen.<\/p>\n<p>\u2713 Daten des Auftragnehmers &#8211; eine nat\u00fcrliche Person, die mit dem Administrator im Rahmen der Gesch\u00e4ftst\u00e4tigkeit zusammenarbeitet:<\/p>\n<p>&#8211; zum Zweck des Abschlusses und der Erf\u00fcllung eines Vertrags mit Ihnen &#8211; die Rechtsgrundlage f\u00fcr die Verarbeitung ist die Notwendigkeit f\u00fcr die Erf\u00fcllung des Vertrags; Art. 6 Abs. 1(b) RODO<\/p>\n<p>&#8211; damit der Verwalter \u00f6ffentlich-rechtliche Verpflichtungen auf der Grundlage von Steuer- und Buchhaltungsvorschriften erf\u00fcllen kann &#8211; die Rechtsgrundlage f\u00fcr die Datenverarbeitung ist die Notwendigkeit, die dem Verwalter obliegenden gesetzlichen Verpflichtungen zu erf\u00fcllen; Art. 6 Abs. 1(c) RODO<\/p>\n<p>&#8211; die Anbahnung einer Gesch\u00e4ftsbeziehung einschlie\u00dflich des Verhandlungsprozesses, die Sicherstellung der Rechtm\u00e4\u00dfigkeit des Abschlusses eines Gesch\u00e4ftsvertrags und dessen Ausf\u00fchrung &#8211; die Rechtsgrundlage f\u00fcr die Verarbeitung der Daten ist das berechtigte Interesse des f\u00fcr die Verarbeitung Verantwortlichen und seines Auftragnehmers; Art. 6 Abs. 1(f) RODO<\/p>\n<p>Das berechtigte Interesse besteht in diesem Fall darin, eine Gesch\u00e4ftsbeziehung mit einem potenziellen Auftragnehmer aufzubauen.<\/p>\n<p><strong>An wen k\u00f6nnen wir Ihre Daten weitergeben?<\/strong><\/p>\n<p>Ihre Daten k\u00f6nnen Unternehmen anvertraut werden, mit denen wir zusammenarbeiten, z.B. im Rahmen der E-Mail-Bearbeitung, im Rahmen der IT-Infrastruktur und Software, im Rahmen des Website-Hostings, im Rahmen von Buchhaltungsdienstleistungen.<\/p>\n<p>Wir nehmen nur die Dienste solcher Auftragsverarbeiter in Anspruch, die angemessene Ma\u00dfnahmen zum Schutz der von uns erfassten personenbezogenen Daten ergreifen.<\/p>\n<p>Wir \u00fcbermitteln keine personenbezogenen Daten an Drittl\u00e4nder au\u00dferhalb des EWR.<\/p>\n<p><strong>Welche Rechte haben Sie?<\/strong><\/p>\n<p>&#8211; das Recht auf Zugang zu Ihren Daten<\/p>\n<p>&#8211; das Recht, sie zu berichtigen<\/p>\n<p>&#8211; das Recht auf L\u00f6schung<\/p>\n<p>&#8211; das Recht auf Einschr\u00e4nkung der Verarbeitung<\/p>\n<p>Da die Verarbeitung Ihrer personenbezogenen Daten auch auf der Pr\u00e4misse unseres berechtigten Interesses beruht, haben Sie das Recht, der Verarbeitung Ihrer personenbezogenen Daten auf dieser Grundlage zu widersprechen (ein solcher Widerspruch erfordert die Begr\u00fcndung Ihrer besonderen Situation)<\/p>\n<p>Sie haben auch das Recht, eine Beschwerde bei der f\u00fcr den Schutz personenbezogener Daten zust\u00e4ndigen Aufsichtsbeh\u00f6rde einzureichen &#8211; dem Pr\u00e4sidenten des Amtes f\u00fcr den Schutz personenbezogener Daten, ul. Stawki 2, 00-193 Warschau.<\/p>\n<p>Wir ermutigen Sie jedoch, etwaige Zweifel g\u00fctlich zu kl\u00e4ren &#8211; bitte kontaktieren Sie uns im Voraus.<\/p>\n<p><strong>Werden Ihre pers\u00f6nlichen Daten profiliert?<\/strong><\/p>\n<p>Nein. Personenbezogene Daten werden von uns weder profiliert noch automatisiert verarbeitet.<\/p>\n<p><strong>Ihre Daten und sozialen Netzwerke<\/strong><\/p>\n<p>Wir verarbeiten Ihre personenbezogenen Daten als Besucher unserer Profile in den sozialen Medien (Facebook, Instagram). Diese Daten werden ausschlie\u00dflich im Zusammenhang mit dem Betrieb der Profile verarbeitet, u.a. um Sie \u00fcber unsere Aktivit\u00e4ten zu informieren und f\u00fcr verschiedene Veranstaltungen, Dienstleistungen und Produkte zu werben, sowie um mit den Nutzern \u00fcber die in den sozialen Medien verf\u00fcgbaren Funktionen zu kommunizieren. Die Rechtsgrundlage f\u00fcr unsere Verarbeitung personenbezogener Daten zu diesem Zweck ist unser berechtigtes Interesse (Artikel 6(1)(f) der DSGVO), unsere eigene Marke zu f\u00f6rdern und eine markenbezogene Community aufzubauen und zu pflegen.<\/p>\n<p>Unsere Website enth\u00e4lt Links zu sozialen Netzwerken, in denen Informationen \u00fcber uns und unsere Aktivit\u00e4ten ver\u00f6ffentlicht werden. Der f\u00fcr die Datenverarbeitung Verantwortliche des sozialen Netzwerks sind sowohl wir als Inhaber des Kontos des sozialen Netzwerks als auch der Inhaber des jeweiligen sozialen Netzwerks selbst.<\/p>\n<h2 style=\"text-align: center;\">Cookies<\/h2>\n<p><strong>Was sind Cookies?<\/strong><\/p>\n<p>Cookies (sog. &#8222;Cookies&#8220;) sind IT-Daten, insbesondere Textdateien, die auf dem Endger\u00e4t des Website-Benutzers (Computer, Laptop, Tablet, Telefon) gespeichert werden und f\u00fcr die Nutzung der Website bestimmt sind. Cookies enthalten in der Regel den Namen der Website, von der sie stammen, die Zeit, die sie auf dem Endger\u00e4t gespeichert werden, und eine eindeutige Nummer.<\/p>\n<p><strong>Warum werden Cookies gesammelt?<\/strong><\/p>\n<p>\u2713 um den Inhalt der Website an die Pr\u00e4ferenzen des Nutzers anzupassen und die Nutzung der Website zu optimieren; insbesondere erm\u00f6glichen diese Dateien die Erkennung des Ger\u00e4ts des Website-Nutzers und die entsprechende Anzeige der Website, die auf die individuellen Bed\u00fcrfnisse des Nutzers zugeschnitten ist;<\/p>\n<p>\u2713 um Statistiken zu erstellen, die uns dabei helfen, zu verstehen, wie die Nutzer der Website die Webseiten nutzen, damit wir deren Struktur und Inhalt verbessern k\u00f6nnen;<\/p>\n<p>\u2713 um die Sitzung des Website-Benutzers (nach der Anmeldung) aufrechtzuerhalten, so dass der Benutzer sein Login und Passwort nicht auf jeder Unterseite der Website erneut eingeben muss;<\/p>\n<p>\u2713 um Nutzern Werbeinhalte anzubieten, die besser auf ihre Interessen zugeschnitten sind.<\/p>\n<p><strong>Zu welchem Zweck sammelt unsere Website Cookies?<\/strong><\/p>\n<p>Die von uns gesammelten Cookies werden zu statistischen Zwecken (in Bezug auf die Statistik der Besuche auf unserer Website) und zur Gew\u00e4hrleistung des korrekten Funktionierens der Website verwendet. Wir ergreifen keine Ma\u00dfnahmen, um Besucher unserer Website zu identifizieren, und der Cookie-Mechanismus wird nicht verwendet, um Informationen \u00fcber Sie zu erhalten.<\/p>\n<p><strong>Welche Cookies sammelt unsere Website?<\/strong><\/p>\n<p>Auf unserer Website werden haupts\u00e4chlich zwei Arten von Cookies verwendet: Sitzungscookies und permanente Cookies.<\/p>\n<p>SESSION COOKIES sind tempor\u00e4re Dateien, die auf dem Endger\u00e4t des Benutzers gespeichert werden, bis sich der Benutzer abmeldet, die Website verl\u00e4sst oder die Software (Webbrowser) ausschaltet.<\/p>\n<p>FIXED COOKIES werden auf dem Endger\u00e4t des Nutzers f\u00fcr die Zeit gespeichert, die in den Parametern der Cookies angegeben ist, oder bis sie vom Nutzer gel\u00f6scht werden.<\/p>\n<p><strong>Wie k\u00f6nnen Sie Ihre Cookies verwalten?<\/strong><\/p>\n<p>Nachstehend finden Sie Links zu Ressourcen, die Ihnen zeigen, wie Sie die Bedingungen f\u00fcr die Speicherung von oder den Zugriff auf Cookies in den Einstellungen der g\u00e4ngigsten Webbrowser festlegen k\u00f6nnen:<\/p>\n<ul>\n<li><a href=\"http:\/\/support.mozilla.org\/pl\/kb\/W%C5%82%C4%85czanie%20i%20wy%C5%82%C4%85czanie%20obs%C5%82ugi%20ciasteczek\">Firefox<\/a><\/li>\n<li><a href=\"http:\/\/support.google.com\/chrome\/bin\/answer.py?hl=pl&amp;answer=95647\">Chrom<\/a><\/li>\n<li><a href=\"http:\/\/windows.microsoft.com\/pl-pl\/windows7\/block-enable-or-allow-cookies\">Internet Explorer<\/a><\/li>\n<li><a href=\"http:\/\/help.opera.com\/Windows\/12.10\/pl\/cookies.html\">Oper<\/a><\/li>\n<li><a href=\"http:\/\/support.apple.com\/kb\/PH5042\">Safari<\/a><\/li>\n<\/ul>\n<p>Aufgrund der Vielzahl technologischer L\u00f6sungen ist es nicht m\u00f6glich, genaue Richtlinien zu geben, wie die Bedingungen f\u00fcr die Speicherung von oder den Zugriff auf Cookies \u00fcber die Einstellungen aller verf\u00fcgbaren Telekommunikationsendger\u00e4te und die auf diesem Ger\u00e4t installierte Software festgelegt werden k\u00f6nnen. In den meisten F\u00e4llen w\u00e4hlen Sie jedoch &#8222;Extras&#8220; oder &#8222;Einstellungen&#8220; und finden dort den Abschnitt, der f\u00fcr die Konfiguration der Cookie-Einstellungen oder die Verwaltung Ihrer Browser-Daten zust\u00e4ndig ist. Detaillierte Informationen erhalten Sie in der Regel vom Hersteller des jeweiligen Ger\u00e4ts oder Browsers im Benutzerhandbuch oder auf dessen Website.<\/p>\n<p>BITTE <strong>BEACHTEN<\/strong> SIE: Bitte beachten Sie, dass durch die Blockierung von Cookies einige Funktionen der Website m\u00f6glicherweise nicht funktionieren.<\/p>\n\t\t\t\t\t\t\t\t<\/div>\n\t\t\t\t<\/div>\n\t\t\t\t\t<\/div>\n\t\t<\/div>\n\t\t\t\t\t<\/div>\n\t\t<\/section>\n\t\t\t\t<section class=\"elementor-section elementor-top-section elementor-element elementor-element-ec280f7 elementor-section-boxed elementor-section-height-default elementor-section-height-default\" data-id=\"ec280f7\" data-element_type=\"section\" data-e-type=\"section\">\n\t\t\t\t\t\t<div class=\"elementor-container elementor-column-gap-default\">\n\t\t\t\t\t<div class=\"elementor-column elementor-col-100 elementor-top-column elementor-element elementor-element-f8843aa\" data-id=\"f8843aa\" data-element_type=\"column\" data-e-type=\"column\">\n\t\t\t<div class=\"elementor-widget-wrap elementor-element-populated\">\n\t\t\t\t\t\t<div class=\"elementor-element elementor-element-790665f elementor-widget elementor-widget-menu-anchor\" data-id=\"790665f\" data-element_type=\"widget\" data-e-type=\"widget\" data-widget_type=\"menu-anchor.default\">\n\t\t\t\t<div class=\"elementor-widget-container\">\n\t\t\t\t\t\t\t<div class=\"elementor-menu-anchor\" id=\"cookies\"><\/div>\n\t\t\t\t\t\t<\/div>\n\t\t\t\t<\/div>\n\t\t\t\t\t<\/div>\n\t\t<\/div>\n\t\t\t\t\t<\/div>\n\t\t<\/section>\n\t\t\t\t<\/div>\n\t\t","protected":false},"excerpt":{"rendered":"<p>Datenschutzbestimmungen Einleitende Informationen Der Schutz der Privatsph\u00e4re und der Vertraulichkeit der pers\u00f6nlichen Daten der Nutzer dieser Website ist uns sehr wichtig. Dementsprechend w\u00e4hlen wir geeignete technische und organisatorische Ma\u00dfnahmen aus und wenden sie an, um den Schutz der verarbeiteten personenbezogenen Daten mit der gebotenen Sorgfalt zu gew\u00e4hrleisten. Wir sch\u00fctzen personenbezogene Daten davor, dass sie Unbefugten [&hellip;]<\/p>\n","protected":false},"author":1,"featured_media":0,"parent":0,"menu_order":0,"comment_status":"closed","ping_status":"closed","template":"elementor_header_footer","meta":{"_monsterinsights_skip_tracking":false,"_monsterinsights_sitenote_active":false,"_monsterinsights_sitenote_note":"","_monsterinsights_sitenote_category":0,"footnotes":""},"class_list":["post-6963","page","type-page","status-publish","hentry"],"yoast_head":"<!-- This site is optimized with the Yoast SEO plugin v27.3 - https:\/\/yoast.com\/product\/yoast-seo-wordpress\/ -->\n<title>Datenschutzbestimmungen - Water-Plast<\/title>\n<meta name=\"description\" content=\"Wir empfehlen Ihnen, unsere Datenschutzbestimmungen auf der Website zu lesen. Sie erfahren, wie wir die auf der Website gesammelten Daten speichern und verwenden\" \/>\n<meta name=\"robots\" content=\"index, follow, max-snippet:-1, max-image-preview:large, max-video-preview:-1\" \/>\n<link rel=\"canonical\" href=\"https:\/\/water-plast.pl\/de\/datenschutzbestimmungen\/\" \/>\n<meta property=\"og:locale\" content=\"de_DE\" \/>\n<meta property=\"og:type\" content=\"article\" \/>\n<meta property=\"og:title\" content=\"Datenschutzbestimmungen - Water-Plast\" \/>\n<meta property=\"og:description\" content=\"Wir empfehlen Ihnen, unsere Datenschutzbestimmungen auf der Website zu lesen. Sie erfahren, wie wir die auf der Website gesammelten Daten speichern und verwenden\" \/>\n<meta property=\"og:url\" content=\"https:\/\/water-plast.pl\/de\/datenschutzbestimmungen\/\" \/>\n<meta property=\"og:site_name\" content=\"Water-Plast\" \/>\n<meta property=\"article:modified_time\" content=\"2024-05-26T09:54:37+00:00\" \/>\n<meta name=\"twitter:card\" content=\"summary_large_image\" \/>\n<meta name=\"twitter:label1\" content=\"Gesch\u00e4tzte Lesezeit\" \/>\n\t<meta name=\"twitter:data1\" content=\"7\u00a0Minuten\" \/>\n<script type=\"application\/ld+json\" class=\"yoast-schema-graph\">{\"@context\":\"https:\\\/\\\/schema.org\",\"@graph\":[{\"@type\":\"WebPage\",\"@id\":\"https:\\\/\\\/water-plast.pl\\\/de\\\/datenschutzbestimmungen\\\/\",\"url\":\"https:\\\/\\\/water-plast.pl\\\/de\\\/datenschutzbestimmungen\\\/\",\"name\":\"Datenschutzbestimmungen - Water-Plast\",\"isPartOf\":{\"@id\":\"https:\\\/\\\/water-plast.pl\\\/de\\\/#website\"},\"datePublished\":\"2022-10-04T11:47:34+00:00\",\"dateModified\":\"2024-05-26T09:54:37+00:00\",\"description\":\"Wir empfehlen Ihnen, unsere Datenschutzbestimmungen auf der Website zu lesen. Sie erfahren, wie wir die auf der Website gesammelten Daten speichern und verwenden\",\"breadcrumb\":{\"@id\":\"https:\\\/\\\/water-plast.pl\\\/de\\\/datenschutzbestimmungen\\\/#breadcrumb\"},\"inLanguage\":\"de\",\"potentialAction\":[{\"@type\":\"ReadAction\",\"target\":[\"https:\\\/\\\/water-plast.pl\\\/de\\\/datenschutzbestimmungen\\\/\"]}]},{\"@type\":\"BreadcrumbList\",\"@id\":\"https:\\\/\\\/water-plast.pl\\\/de\\\/datenschutzbestimmungen\\\/#breadcrumb\",\"itemListElement\":[{\"@type\":\"ListItem\",\"position\":1,\"name\":\"Strona g\u0142\u00f3wna\",\"item\":\"https:\\\/\\\/water-plast.pl\\\/de\\\/\"},{\"@type\":\"ListItem\",\"position\":2,\"name\":\"Datenschutzbestimmungen\"}]},{\"@type\":\"WebSite\",\"@id\":\"https:\\\/\\\/water-plast.pl\\\/de\\\/#website\",\"url\":\"https:\\\/\\\/water-plast.pl\\\/de\\\/\",\"name\":\"Water-Plast\",\"description\":\"Geomembrana, folia, PEHD, zbiorniki, uszczelnianie, skrzynki rozs\u0105czaj\u0105ce, spawanie\\\/zgrzewanie (PE,PP)\",\"publisher\":{\"@id\":\"https:\\\/\\\/water-plast.pl\\\/de\\\/#organization\"},\"alternateName\":\"Hydro-Plast\",\"potentialAction\":[{\"@type\":\"SearchAction\",\"target\":{\"@type\":\"EntryPoint\",\"urlTemplate\":\"https:\\\/\\\/water-plast.pl\\\/de\\\/?s={search_term_string}\"},\"query-input\":{\"@type\":\"PropertyValueSpecification\",\"valueRequired\":true,\"valueName\":\"search_term_string\"}}],\"inLanguage\":\"de\"},{\"@type\":\"Organization\",\"@id\":\"https:\\\/\\\/water-plast.pl\\\/de\\\/#organization\",\"name\":\"Hydro-Plast Patryk Niepiek\u0142o\",\"alternateName\":\"Water-Plast\",\"url\":\"https:\\\/\\\/water-plast.pl\\\/de\\\/\",\"logo\":{\"@type\":\"ImageObject\",\"inLanguage\":\"de\",\"@id\":\"https:\\\/\\\/water-plast.pl\\\/de\\\/#\\\/schema\\\/logo\\\/image\\\/\",\"url\":\"https:\\\/\\\/water-plast.pl\\\/wp-content\\\/uploads\\\/2022\\\/12\\\/LOgoWaterPlastbeztla-e1671542081896.png\",\"contentUrl\":\"https:\\\/\\\/water-plast.pl\\\/wp-content\\\/uploads\\\/2022\\\/12\\\/LOgoWaterPlastbeztla-e1671542081896.png\",\"width\":864,\"height\":504,\"caption\":\"Hydro-Plast Patryk Niepiek\u0142o\"},\"image\":{\"@id\":\"https:\\\/\\\/water-plast.pl\\\/de\\\/#\\\/schema\\\/logo\\\/image\\\/\"}}]}<\/script>\n<!-- \/ Yoast SEO plugin. -->","yoast_head_json":{"title":"Datenschutzbestimmungen - Water-Plast","description":"Wir empfehlen Ihnen, unsere Datenschutzbestimmungen auf der Website zu lesen. Sie erfahren, wie wir die auf der Website gesammelten Daten speichern und verwenden","robots":{"index":"index","follow":"follow","max-snippet":"max-snippet:-1","max-image-preview":"max-image-preview:large","max-video-preview":"max-video-preview:-1"},"canonical":"https:\/\/water-plast.pl\/de\/datenschutzbestimmungen\/","og_locale":"de_DE","og_type":"article","og_title":"Datenschutzbestimmungen - Water-Plast","og_description":"Wir empfehlen Ihnen, unsere Datenschutzbestimmungen auf der Website zu lesen. Sie erfahren, wie wir die auf der Website gesammelten Daten speichern und verwenden","og_url":"https:\/\/water-plast.pl\/de\/datenschutzbestimmungen\/","og_site_name":"Water-Plast","article_modified_time":"2024-05-26T09:54:37+00:00","twitter_card":"summary_large_image","twitter_misc":{"Gesch\u00e4tzte Lesezeit":"7\u00a0Minuten"},"schema":{"@context":"https:\/\/schema.org","@graph":[{"@type":"WebPage","@id":"https:\/\/water-plast.pl\/de\/datenschutzbestimmungen\/","url":"https:\/\/water-plast.pl\/de\/datenschutzbestimmungen\/","name":"Datenschutzbestimmungen - Water-Plast","isPartOf":{"@id":"https:\/\/water-plast.pl\/de\/#website"},"datePublished":"2022-10-04T11:47:34+00:00","dateModified":"2024-05-26T09:54:37+00:00","description":"Wir empfehlen Ihnen, unsere Datenschutzbestimmungen auf der Website zu lesen. Sie erfahren, wie wir die auf der Website gesammelten Daten speichern und verwenden","breadcrumb":{"@id":"https:\/\/water-plast.pl\/de\/datenschutzbestimmungen\/#breadcrumb"},"inLanguage":"de","potentialAction":[{"@type":"ReadAction","target":["https:\/\/water-plast.pl\/de\/datenschutzbestimmungen\/"]}]},{"@type":"BreadcrumbList","@id":"https:\/\/water-plast.pl\/de\/datenschutzbestimmungen\/#breadcrumb","itemListElement":[{"@type":"ListItem","position":1,"name":"Strona g\u0142\u00f3wna","item":"https:\/\/water-plast.pl\/de\/"},{"@type":"ListItem","position":2,"name":"Datenschutzbestimmungen"}]},{"@type":"WebSite","@id":"https:\/\/water-plast.pl\/de\/#website","url":"https:\/\/water-plast.pl\/de\/","name":"Water-Plast","description":"Geomembrana, folia, PEHD, zbiorniki, uszczelnianie, skrzynki rozs\u0105czaj\u0105ce, spawanie\/zgrzewanie (PE,PP)","publisher":{"@id":"https:\/\/water-plast.pl\/de\/#organization"},"alternateName":"Hydro-Plast","potentialAction":[{"@type":"SearchAction","target":{"@type":"EntryPoint","urlTemplate":"https:\/\/water-plast.pl\/de\/?s={search_term_string}"},"query-input":{"@type":"PropertyValueSpecification","valueRequired":true,"valueName":"search_term_string"}}],"inLanguage":"de"},{"@type":"Organization","@id":"https:\/\/water-plast.pl\/de\/#organization","name":"Hydro-Plast Patryk Niepiek\u0142o","alternateName":"Water-Plast","url":"https:\/\/water-plast.pl\/de\/","logo":{"@type":"ImageObject","inLanguage":"de","@id":"https:\/\/water-plast.pl\/de\/#\/schema\/logo\/image\/","url":"https:\/\/water-plast.pl\/wp-content\/uploads\/2022\/12\/LOgoWaterPlastbeztla-e1671542081896.png","contentUrl":"https:\/\/water-plast.pl\/wp-content\/uploads\/2022\/12\/LOgoWaterPlastbeztla-e1671542081896.png","width":864,"height":504,"caption":"Hydro-Plast Patryk Niepiek\u0142o"},"image":{"@id":"https:\/\/water-plast.pl\/de\/#\/schema\/logo\/image\/"}}]}},"_links":{"self":[{"href":"https:\/\/water-plast.pl\/de\/wp-json\/wp\/v2\/pages\/6963","targetHints":{"allow":["GET"]}}],"collection":[{"href":"https:\/\/water-plast.pl\/de\/wp-json\/wp\/v2\/pages"}],"about":[{"href":"https:\/\/water-plast.pl\/de\/wp-json\/wp\/v2\/types\/page"}],"author":[{"embeddable":true,"href":"https:\/\/water-plast.pl\/de\/wp-json\/wp\/v2\/users\/1"}],"replies":[{"embeddable":true,"href":"https:\/\/water-plast.pl\/de\/wp-json\/wp\/v2\/comments?post=6963"}],"version-history":[{"count":4,"href":"https:\/\/water-plast.pl\/de\/wp-json\/wp\/v2\/pages\/6963\/revisions"}],"predecessor-version":[{"id":7161,"href":"https:\/\/water-plast.pl\/de\/wp-json\/wp\/v2\/pages\/6963\/revisions\/7161"}],"wp:attachment":[{"href":"https:\/\/water-plast.pl\/de\/wp-json\/wp\/v2\/media?parent=6963"}],"curies":[{"name":"wp","href":"https:\/\/api.w.org\/{rel}","templated":true}]}}